{"id":3719,"date":"2025-04-02T14:36:27","date_gmt":"2025-04-02T14:36:27","guid":{"rendered":"https:\/\/valstar.com\/?page_id=3719"},"modified":"2025-04-23T10:09:13","modified_gmt":"2025-04-23T10:09:13","slug":"valor-frish","status":"publish","type":"page","link":"https:\/\/valstar.com\/de\/valor-frish\/","title":{"rendered":"Valor Frish"},"content":{"rendered":"\t\t<div data-elementor-type=\"wp-page\" data-elementor-id=\"3719\" class=\"elementor elementor-3719 elementor-3705\" data-elementor-settings=\"{&quot;ha_cmc_init_switcher&quot;:&quot;no&quot;}\" data-elementor-post-type=\"page\">\n\t\t\t\t<div class=\"elementor-element elementor-element-b494e1c e-flex e-con-boxed e-con e-parent\" data-id=\"b494e1c\" data-element_type=\"container\" data-e-type=\"container\" data-settings=\"{&quot;background_background&quot;:&quot;classic&quot;,&quot;_ha_eqh_enable&quot;:false}\">\n\t\t\t\t\t<div class=\"e-con-inner\">\n\t\t<div class=\"elementor-element elementor-element-dba214c e-flex e-con-boxed e-con e-child\" data-id=\"dba214c\" data-element_type=\"container\" data-e-type=\"container\" data-settings=\"{&quot;_ha_eqh_enable&quot;:false}\">\n\t\t\t\t\t<div class=\"e-con-inner\">\n\t\t<div class=\"elementor-element elementor-element-8f6b52c e-con-full e-flex e-con e-child\" data-id=\"8f6b52c\" data-element_type=\"container\" data-e-type=\"container\" data-settings=\"{&quot;_ha_eqh_enable&quot;:false}\">\n\t\t\t\t<div class=\"elementor-element elementor-element-8072a23 elementor-widget elementor-widget-image\" data-id=\"8072a23\" data-element_type=\"widget\" data-e-type=\"widget\" data-widget_type=\"image.default\">\n\t\t\t\t<div class=\"elementor-widget-container\">\n\t\t\t\t\t\t\t\t\t\t\t\t\t\t\t<img fetchpriority=\"high\" decoding=\"async\" width=\"728\" height=\"413\" src=\"https:\/\/valstar.com\/wp-content\/uploads\/2025\/04\/Valor-frisch-logo-rgb.png\" class=\"attachment-large size-large wp-image-3725\" alt=\"\" srcset=\"https:\/\/valstar.com\/wp-content\/uploads\/2025\/04\/Valor-frisch-logo-rgb.png 728w, https:\/\/valstar.com\/wp-content\/uploads\/2025\/04\/Valor-frisch-logo-rgb-300x170.png 300w\" sizes=\"(max-width: 728px) 100vw, 728px\" \/>\t\t\t\t\t\t\t\t\t\t\t\t\t\t\t<\/div>\n\t\t\t\t<\/div>\n\t\t\t\t<div class=\"elementor-element elementor-element-2497c20 elementor-widget elementor-widget-heading\" data-id=\"2497c20\" data-element_type=\"widget\" data-e-type=\"widget\" data-widget_type=\"heading.default\">\n\t\t\t\t<div class=\"elementor-widget-container\">\n\t\t\t\t\t<h1 class=\"elementor-heading-title elementor-size-default\">Entdecken Sie Valor Frish<\/h1>\t\t\t\t<\/div>\n\t\t\t\t<\/div>\n\t\t\t\t<div class=\"elementor-element elementor-element-1e28f82 elementor-widget elementor-widget-text-editor\" data-id=\"1e28f82\" data-element_type=\"widget\" data-e-type=\"widget\" data-widget_type=\"text-editor.default\">\n\t\t\t\t<div class=\"elementor-widget-container\">\n\t\t\t\t\t\t\t\t\t<p style=\"margin: 0cm; vertical-align: baseline;\"><span style=\"font-family: Arial, sans-serif;\"><span style=\"font-size: 14.6667px;\">Valor Frisch ist ein Joint Venture, das aus der Zusammenarbeit zwischen Valstar und <a href=\"https:\/\/www.looye.com\/\"><b>Looye Kwekers<\/b><\/a> entstanden ist, bekannt f\u00fcr die ber\u00fchmten Looye Honigtomaten\u00ae. Wir stehen f\u00fcr Qualit\u00e4t, Service und einen starken Fokus auf die Schaffung von Mehrwert f\u00fcr unsere Kunden auf dem deutschen Markt. <\/span><\/span><\/p>\n<p style=\"margin: 0cm; vertical-align: baseline;\"><span style=\"font-family: Arial, sans-serif;\"><span style=\"font-size: 14.6667px;\"> <\/span><\/span><\/p>\n<p style=\"margin: 0cm; vertical-align: baseline;\"><span style=\"font-family: Arial, sans-serif;\"><span style=\"font-size: 14.6667px;\">Weitere Informationen? Kontaktieren Sie uns.<\/span><\/span><\/p>\n\t\t\t\t\t\t\t\t<\/div>\n\t\t\t\t<\/div>\n\t\t\t\t<div class=\"elementor-element elementor-element-d31335e elementor-align-center elementor-widget elementor-widget-button\" data-id=\"d31335e\" data-element_type=\"widget\" data-e-type=\"widget\" data-widget_type=\"button.default\">\n\t\t\t\t<div class=\"elementor-widget-container\">\n\t\t\t\t\t\t\t\t\t<div class=\"elementor-button-wrapper\">\n\t\t\t\t\t<a class=\"elementor-button elementor-button-link elementor-size-sm\" href=\"https:\/\/valstar.com\/de\/kontakt\/\">\n\t\t\t\t\t\t<span class=\"elementor-button-content-wrapper\">\n\t\t\t\t\t\t\t\t\t<span class=\"elementor-button-text\">\u00bb Kontakt aufnehmen<\/span>\n\t\t\t\t\t<\/span>\n\t\t\t\t\t<\/a>\n\t\t\t\t<\/div>\n\t\t\t\t\t\t\t\t<\/div>\n\t\t\t\t<\/div>\n\t\t\t\t<\/div>\n\t\t\t\t<div class=\"elementor-element elementor-element-1977f1a elementor-widget__width-initial elementor-widget elementor-widget-image\" data-id=\"1977f1a\" data-element_type=\"widget\" data-e-type=\"widget\" data-widget_type=\"image.default\">\n\t\t\t\t<div class=\"elementor-widget-container\">\n\t\t\t\t\t\t\t\t\t\t\t\t\t\t\t<img decoding=\"async\" width=\"800\" height=\"800\" src=\"https:\/\/valstar.com\/wp-content\/uploads\/2025\/04\/Looijetomaten_valor_frish_2.png\" class=\"attachment-large size-large wp-image-3803\" alt=\"Valor looije honingtomaten\" srcset=\"https:\/\/valstar.com\/wp-content\/uploads\/2025\/04\/Looijetomaten_valor_frish_2.png 1024w, https:\/\/valstar.com\/wp-content\/uploads\/2025\/04\/Looijetomaten_valor_frish_2-300x300.png 300w, https:\/\/valstar.com\/wp-content\/uploads\/2025\/04\/Looijetomaten_valor_frish_2-150x150.png 150w, https:\/\/valstar.com\/wp-content\/uploads\/2025\/04\/Looijetomaten_valor_frish_2-768x768.png 768w\" sizes=\"(max-width: 800px) 100vw, 800px\" \/>\t\t\t\t\t\t\t\t\t\t\t\t\t\t\t<\/div>\n\t\t\t\t<\/div>\n\t\t\t\t\t<\/div>\n\t\t\t\t<\/div>\n\t\t\t\t\t<\/div>\n\t\t\t\t<\/div>\n\t\t<div class=\"elementor-element elementor-element-8dcff11 e-flex e-con-boxed e-con e-parent\" data-id=\"8dcff11\" data-element_type=\"container\" data-e-type=\"container\" data-settings=\"{&quot;background_background&quot;:&quot;classic&quot;,&quot;_ha_eqh_enable&quot;:false}\">\n\t\t\t\t\t<div class=\"e-con-inner\">\n\t\t\t\t\t<\/div>\n\t\t\t\t<\/div>\n\t\t\t\t<\/div>\n\t\t","protected":false},"excerpt":{"rendered":"<p>Entdecken Sie Valor Frish Valor Frisch ist ein Joint Venture, das aus der Zusammenarbeit zwischen Valstar und Looye Kwekers entstanden ist, bekannt f\u00fcr die ber\u00fchmten Looye Honigtomaten\u00ae. Wir stehen f\u00fcr Qualit\u00e4t, Service und einen starken Fokus auf die Schaffung von Mehrwert f\u00fcr unsere Kunden auf dem deutschen Markt. Weitere Informationen? Kontaktieren Sie uns. \u00bb Kontakt [&hellip;]<\/p>\n","protected":false},"author":2,"featured_media":0,"parent":0,"menu_order":0,"comment_status":"closed","ping_status":"closed","template":"elementor_header_footer","meta":{"footnotes":""},"class_list":["post-3719","page","type-page","status-publish","hentry"],"_links":{"self":[{"href":"https:\/\/valstar.com\/de\/wp-json\/wp\/v2\/pages\/3719","targetHints":{"allow":["GET"]}}],"collection":[{"href":"https:\/\/valstar.com\/de\/wp-json\/wp\/v2\/pages"}],"about":[{"href":"https:\/\/valstar.com\/de\/wp-json\/wp\/v2\/types\/page"}],"author":[{"embeddable":true,"href":"https:\/\/valstar.com\/de\/wp-json\/wp\/v2\/users\/2"}],"replies":[{"embeddable":true,"href":"https:\/\/valstar.com\/de\/wp-json\/wp\/v2\/comments?post=3719"}],"version-history":[{"count":3,"href":"https:\/\/valstar.com\/de\/wp-json\/wp\/v2\/pages\/3719\/revisions"}],"predecessor-version":[{"id":3816,"href":"https:\/\/valstar.com\/de\/wp-json\/wp\/v2\/pages\/3719\/revisions\/3816"}],"wp:attachment":[{"href":"https:\/\/valstar.com\/de\/wp-json\/wp\/v2\/media?parent=3719"}],"curies":[{"name":"wp","href":"https:\/\/api.w.org\/{rel}","templated":true}]}}